{"id":4844,"date":"2020-05-29T20:20:18","date_gmt":"2020-05-29T19:20:18","guid":{"rendered":"https:\/\/www.lov.li\/?page_id=4844"},"modified":"2020-05-29T20:21:24","modified_gmt":"2020-05-29T19:21:24","slug":"datenschutz","status":"publish","type":"page","link":"https:\/\/www.lov.li\/?page_id=4844","title":{"rendered":"Datenschutz"},"content":{"rendered":"<p style=\"margin: 0cm 0cm 18.0pt 0cm;\"><strong><span style=\"font-size: 14.0pt; font-family: 'Helvetica',sans-serif;\">Datenschutzerkl\u00e4rung<\/span><\/strong><\/p>\n<p style=\"margin: 0cm 0cm 18.0pt 0cm;\"><strong><span style=\"font-family: 'Helvetica',sans-serif;\">1. Erhebung, Verarbeitung und Nutzung personenbezogener Daten<\/span><\/strong><span style=\"font-family: 'Helvetica',sans-serif;\"><br \/>\nBei einem Besuch dieser Website erheben wir keine personenbezogenen Daten von Ihnen. Personenbezogene Daten werden nur erhoben, wenn Sie uns diese selbst \u00fcber unser Kontaktformular mitteilen. Diese Daten werden ausschliesslich zur Beantwortung Ihres Anliegens genutzt und danach wieder gel\u00f6scht.<\/span><\/p>\n<p style=\"margin: 0cm 0cm 18.0pt 0cm;\"><strong><span style=\"font-family: 'Helvetica',sans-serif;\">2. Verwendung von eigenen Cookies<\/span><\/strong><span style=\"font-family: 'Helvetica',sans-serif;\"><br \/>\nBeim Aufruf bestimmter Seiten wird ein so genanntes \u00abSession-Cookie\u00bb gesetzt. Hierbei handelt es sich um eine kleine Textdatei, die nach Ende der Browser-Sitzung automatisch wieder von Ihrem Computer gel\u00f6scht wird. Diese Datei dient ausschliesslich dazu, bestimmte Applikationen nutzen zu k\u00f6nnen. Sie k\u00f6nnen bei den meisten Webbrowsern die Einstellungen so \u00e4ndern, dass Ihr Browser neue Cookies nicht akzeptiert oder Sie k\u00f6nnen erhaltenen Cookies l\u00f6schen lassen. Wie dies konkret f\u00fcr Ihren Browser funktioniert, kann in der Regel \u00fcber dessen Hilfe-Funktion in Erfahrung gebracht werden.<\/span><\/p>\n<p style=\"margin: 0cm 0cm 18.0pt 0cm;\"><strong><span style=\"font-family: 'Helvetica',sans-serif;\">3.Server-Log-Dateien<\/span><\/strong><span style=\"font-family: 'Helvetica',sans-serif;\"><br \/>\nWie bei jeder Verbindung mit einem Webserver protokolliert und speichert der Server unseres Webhosting-Anbieters Novatrend Services GmbH,<br \/>\nCH-8304 Wallisellen, bestimmte technische Daten. Zu diesen Daten geh\u00f6ren die IP-Adresse und das Betriebssystem Ihres Ger\u00e4ts, die Daten, die Zugriffszeit, die Art des Browsers sowie die Browser-Anfrage inklusive der Herkunft der Anfrage (Referrer). Dies ist aus technischen Gr\u00fcnden erforderlich, um Ihnen unsere Website zur Verf\u00fcgung zu stellen. Der Webhosting-Anbieter sch\u00fctzt diese Daten mit technischen und organisatorischen Massnahmen vor unerlaubten Zugriffen und gibt sie nicht an Dritte weiter. Soweit wir dabei personenbezogene Daten verarbeiten, tun wir dies aufgrund unseres Interesses, Ihnen die bestm\u00f6gliche Nutzererfahrung zu bieten und die Sicherheit und Stabilit\u00e4t unserer Systeme zu gew\u00e4hrleisten.<\/span><\/p>\n<p style=\"margin: 0cm 0cm 18.0pt 0cm;\"><strong><span style=\"font-family: 'Helvetica',sans-serif;\">4. Ihre Rechte<\/span><\/strong><span style=\"font-family: 'Helvetica',sans-serif;\"><br \/>\nIhnen stehen grunds\u00e4tzlich die Rechte auf Auskunft, Berichtigung, L\u00f6schung, Einschr\u00e4nkung, Daten\u00fcbertragbarkeit, Widerruf und Widerspruch zu. Wenn Sie glauben, dass die Verarbeitung Ihrer Daten gegen das Datenschutzrecht verst\u00f6sst oder Ihre datenschutzrechtlichen Anspr\u00fcche sonst in einer Weise verletzt worden sind, k\u00f6nnen Sie sich bei der Aufsichtsbeh\u00f6rde beschweren.<br \/>\nEs gilt liechtensteinisches Recht.<\/span><\/p>\n<p style=\"margin: 0cm 0cm 18.0pt 0cm;\"><b><span style=\"font-family: 'Helvetica',sans-serif;\">Liechtensteinischer Ornithologischer Landesverband<\/span><\/b><\/p>\n","protected":false},"excerpt":{"rendered":"<p>Datenschutzerkl\u00e4rung 1. Erhebung, Verarbeitung und Nutzung personenbezogener Daten Bei einem Besuch dieser Website erheben wir keine personenbezogenen Daten von Ihnen. Personenbezogene Daten werden nur erhoben, wenn Sie uns diese selbst \u00fcber unser Kontaktformular mitteilen. Diese Daten werden ausschliesslich zur Beantwortung Ihres Anliegens genutzt und danach wieder gel\u00f6scht. 2. Verwendung von eigenen Cookies Beim Aufruf bestimmter &hellip; <\/p>\n<p class=\"link-more\"><a href=\"https:\/\/www.lov.li\/?page_id=4844\" class=\"more-link\"><span class=\"screen-reader-text\">\u201eDatenschutz\u201c <\/span>weiterlesen<\/a><\/p>\n","protected":false},"author":1,"featured_media":0,"parent":0,"menu_order":0,"comment_status":"closed","ping_status":"closed","template":"","meta":{"_uag_custom_page_level_css":"","footnotes":""},"class_list":["post-4844","page","type-page","status-publish","hentry"],"uagb_featured_image_src":{"full":false,"thumbnail":false,"medium":false,"medium_large":false,"large":false,"1536x1536":false,"2048x2048":false,"twentyseventeen-featured-image":false,"twentyseventeen-thumbnail-avatar":false},"uagb_author_info":{"display_name":"admin","author_link":"https:\/\/www.lov.li\/?author=1"},"uagb_comment_info":0,"uagb_excerpt":"Datenschutzerkl\u00e4rung 1. Erhebung, Verarbeitung und Nutzung personenbezogener Daten Bei einem Besuch dieser Website erheben wir keine personenbezogenen Daten von Ihnen. Personenbezogene Daten werden nur erhoben, wenn Sie uns diese selbst \u00fcber unser Kontaktformular mitteilen. Diese Daten werden ausschliesslich zur Beantwortung Ihres Anliegens genutzt und danach wieder gel\u00f6scht. 2. Verwendung von eigenen Cookies Beim Aufruf bestimmter&hellip;","_links":{"self":[{"href":"https:\/\/www.lov.li\/index.php?rest_route=\/wp\/v2\/pages\/4844","targetHints":{"allow":["GET"]}}],"collection":[{"href":"https:\/\/www.lov.li\/index.php?rest_route=\/wp\/v2\/pages"}],"about":[{"href":"https:\/\/www.lov.li\/index.php?rest_route=\/wp\/v2\/types\/page"}],"author":[{"embeddable":true,"href":"https:\/\/www.lov.li\/index.php?rest_route=\/wp\/v2\/users\/1"}],"replies":[{"embeddable":true,"href":"https:\/\/www.lov.li\/index.php?rest_route=%2Fwp%2Fv2%2Fcomments&post=4844"}],"version-history":[{"count":2,"href":"https:\/\/www.lov.li\/index.php?rest_route=\/wp\/v2\/pages\/4844\/revisions"}],"predecessor-version":[{"id":4847,"href":"https:\/\/www.lov.li\/index.php?rest_route=\/wp\/v2\/pages\/4844\/revisions\/4847"}],"wp:attachment":[{"href":"https:\/\/www.lov.li\/index.php?rest_route=%2Fwp%2Fv2%2Fmedia&parent=4844"}],"curies":[{"name":"wp","href":"https:\/\/api.w.org\/{rel}","templated":true}]}}