{"id":21,"date":"2012-07-24T22:22:26","date_gmt":"2012-07-24T20:22:26","guid":{"rendered":"http:\/\/www.lov-kleintiere.li\/?page_id=21"},"modified":"2026-03-11T09:44:40","modified_gmt":"2026-03-11T08:44:40","slug":"ziele","status":"publish","type":"page","link":"https:\/\/www.lov.li\/?page_id=21","title":{"rendered":"Ziele &#8211; Nachwuchsf\u00f6rderung"},"content":{"rendered":"\n<p><strong>Flyer<\/strong>: <a href=\"https:\/\/www.lov.li\/wp-content\/uploads\/251029_Flyer_LOV_rz_Web.pdf\" target=\"_blank\" rel=\"noreferrer noopener\">Der LOV stell sich vor<\/a><\/p>\n\n\n\n<h2 class=\"wp-block-heading\">Leitgedanken f\u00fcr die Nachwuchsf\u00f6rderung<\/h2>\n\n\n\n<ul class=\"wp-block-list\">\n<li>Wir streben an, dass Jugendliche und neu an unserer Sache Interessierte eine positive Einstellung zur Natur, insbesondere zur Vogelwelt finden;<\/li>\n\n\n\n<li>in einem guten Verh\u00e4ltnis zwischen einem r\u00fccksichtsvollen Verst\u00e4ndnis f\u00fcr die Natur und ihrer eigenen Lebensweise stehen;<\/li>\n\n\n\n<li>das gesellige Beisammensein und soziale Kontakte pflegen und lernen, als Team zu denken und zu handeln.<\/li>\n<\/ul>\n\n\n\n<p>Der Liechtensteinische Ornithologische Landesverband (LOV) ist die erste und einzige offizielle Interessenvertretung der Kleintierz\u00fcchter in Liechtenstein. Ebenso Pionierarbeit leistete der LOV im Natur- und Vogelschutz, wo sich seine Mitglieder seit mehr als 60 Jahren an vorderster Front f\u00fcr die Natur im Allgemeinen und die Vogelwelt im Speziellen engagieren.<\/p>\n\n\n\n<p>Die Ziele unseres Verbandes und unserer Mitglieder sind unter anderem:<\/p>\n\n\n\n<ul class=\"wp-block-list\">\n<li>Wahrnehmung als aufgeschlossener Verband, welcher der Natur im Allgemeinen und den Singv\u00f6geln im Besonderen verpflichtet ist.<\/li>\n\n\n\n<li>Jugendliche und Interessierte aller Altersstufen stufengerecht an unser lebendiges Hobby heran f\u00fchren.<\/li>\n\n\n\n<li>Unterst\u00fctzung, Betreuung sowie kompetente Aus- und Weiterbildung unserer Mitglieder.<\/li>\n\n\n\n<li>Die F\u00f6rderung von Kameradschaft und Zusammenarbeit.<\/li>\n<\/ul>\n\n\n\n<p><strong>Leitgedanken<\/strong><\/p>\n\n\n\n<p>Der LOV stellt das Verst\u00e4ndnis und den Umgang mit der Natur im Allgemeinen in den Mittelpunkt seiner Bestrebungen, sei es der Schutz der Natur, insbesondere der V\u00f6gel und ihrer Lebensr\u00e4ume:<\/p>\n\n\n\n<p><b><br><\/b>Zweck der Nachwuchsarbeit ist unsere \u00dcberzeugung, dass es f\u00fcr das \u00dcberleben unserer Vereine und des Verbandes notwendig ist, dass wir uns st\u00e4ndig um neue Mitglieder und Ideen bem\u00fchen.<\/p>\n\n\n\n<p>Die Nachwuchswerbung und -betreuung findet dezentral in den Vereinen statt. Der Verband unterst\u00fctzt diese im Rahmen seiner M\u00f6glichkeiten und organisiert bei Bedarf gemeinsame Anl\u00e4sse.<\/p>\n\n\n\n<p><strong>Ziele der Nachwuchsf\u00f6rderung<\/strong><\/p>\n\n\n\n<p>Jugendliche zwischen 7 und 18 Jahren sowie interessierte Neumitglieder werden auf eine engagierte Vollmitgliedschaft vorbereitet.<\/p>\n\n\n\n<p>Nebst dem Verst\u00e4ndnis und der Freude an der Natur und zur Kleintierzucht sollen fachliche Kompetenz, Kameradschaft, Disziplin und soziales Verantwortungs\u00adbewusstsein gef\u00f6rdert werden.<\/p>\n\n\n\n<p><strong>Mittel zur Zielerreichung <\/strong><\/p>\n\n\n\n<p>In regelm\u00e4ssigen Veranstaltungen nehmen die Interessierten an sachbezogenen Aus- und Weiterbildungsveranstaltungen teil.<\/p>\n\n\n\n<p>Spiel und Spass tragen zur Motivation und sozialen Bindung bei.<\/p>\n\n\n\n<p>Die Angebote des Schweizerischen Dachvebandes SVSBirdLife&nbsp; werden aktiv genutzt.<\/p>\n\n\n\n<p><strong>Strukturen<\/strong><\/p>\n\n\n\n<p>Die Nachwuchsarbeit im LOV wird&nbsp; in Zusammenarbeit mit dem Angebot von \u201eBirdLife Schweiz\u201c&nbsp; koordiniert.<br>Werbung und Betreuung von Mitgliedern liegt in erster Linie in der Verantwortung der Vereine. Der LOV unterst\u00fctzt und koordiniert Bestrebungen, unsere sinnvolle Freizeitbesch\u00e4ftigung bekannt zu machen.<\/p>\n\n\n\n<p>&nbsp;<\/p>\n\n\n\n<p><strong>&nbsp;<\/strong><\/p>\n","protected":false},"excerpt":{"rendered":"<p>Flyer: Der LOV stell sich vor Leitgedanken f\u00fcr die Nachwuchsf\u00f6rderung Der Liechtensteinische Ornithologische Landesverband (LOV) ist die erste und einzige offizielle Interessenvertretung der Kleintierz\u00fcchter in Liechtenstein. Ebenso Pionierarbeit leistete der LOV im Natur- und Vogelschutz, wo sich seine Mitglieder seit mehr als 60 Jahren an vorderster Front f\u00fcr die Natur im Allgemeinen und die Vogelwelt &hellip; <\/p>\n<p class=\"link-more\"><a href=\"https:\/\/www.lov.li\/?page_id=21\" class=\"more-link\"><span class=\"screen-reader-text\">\u201eZiele &#8211; Nachwuchsf\u00f6rderung\u201c <\/span>weiterlesen<\/a><\/p>\n","protected":false},"author":1,"featured_media":0,"parent":0,"menu_order":0,"comment_status":"closed","ping_status":"open","template":"","meta":{"_uag_custom_page_level_css":"","footnotes":""},"class_list":["post-21","page","type-page","status-publish","hentry"],"uagb_featured_image_src":{"full":false,"thumbnail":false,"medium":false,"medium_large":false,"large":false,"1536x1536":false,"2048x2048":false,"twentyseventeen-featured-image":false,"twentyseventeen-thumbnail-avatar":false},"uagb_author_info":{"display_name":"admin","author_link":"https:\/\/www.lov.li\/?author=1"},"uagb_comment_info":0,"uagb_excerpt":"Flyer: Der LOV stell sich vor Leitgedanken f\u00fcr die Nachwuchsf\u00f6rderung Der Liechtensteinische Ornithologische Landesverband (LOV) ist die erste und einzige offizielle Interessenvertretung der Kleintierz\u00fcchter in Liechtenstein. Ebenso Pionierarbeit leistete der LOV im Natur- und Vogelschutz, wo sich seine Mitglieder seit mehr als 60 Jahren an vorderster Front f\u00fcr die Natur im Allgemeinen und die Vogelwelt&hellip;","_links":{"self":[{"href":"https:\/\/www.lov.li\/index.php?rest_route=\/wp\/v2\/pages\/21","targetHints":{"allow":["GET"]}}],"collection":[{"href":"https:\/\/www.lov.li\/index.php?rest_route=\/wp\/v2\/pages"}],"about":[{"href":"https:\/\/www.lov.li\/index.php?rest_route=\/wp\/v2\/types\/page"}],"author":[{"embeddable":true,"href":"https:\/\/www.lov.li\/index.php?rest_route=\/wp\/v2\/users\/1"}],"replies":[{"embeddable":true,"href":"https:\/\/www.lov.li\/index.php?rest_route=%2Fwp%2Fv2%2Fcomments&post=21"}],"version-history":[{"count":14,"href":"https:\/\/www.lov.li\/index.php?rest_route=\/wp\/v2\/pages\/21\/revisions"}],"predecessor-version":[{"id":6747,"href":"https:\/\/www.lov.li\/index.php?rest_route=\/wp\/v2\/pages\/21\/revisions\/6747"}],"wp:attachment":[{"href":"https:\/\/www.lov.li\/index.php?rest_route=%2Fwp%2Fv2%2Fmedia&parent=21"}],"curies":[{"name":"wp","href":"https:\/\/api.w.org\/{rel}","templated":true}]}}