{"id":182,"date":"2012-07-25T02:15:59","date_gmt":"2012-07-25T00:15:59","guid":{"rendered":"http:\/\/www.lov-kleintiere.li\/?page_id=182"},"modified":"2026-01-11T10:54:22","modified_gmt":"2026-01-11T09:54:22","slug":"impressum","status":"publish","type":"page","link":"https:\/\/www.lov.li\/?page_id=182","title":{"rendered":"Impressum"},"content":{"rendered":"\n<p>Liebe Besucher,<br>wir freuen uns, dass Sie den Weg zu uns gefunden haben. Es ist unser Ziel, unser Internet-Fenster allgemein verst\u00e4ndlich und aktuell zu gestalten.<\/p>\n\n\n\n<p>Auf der Startseite erscheinen auf der <strong>linken Seite <\/strong>regelm\u00e4ssig die neuesten Verbandsinformationen sowie Beitr\u00e4ge aus&nbsp; den&nbsp; Sparten&nbsp; Natur- und Vogelschutz sowie Kleintiere.<\/p>\n\n\n\n<p>Wollen Sie sich weiter vertiefen oder auf fr\u00fchere Beitr\u00e4ge der Startseite (Aktivit\u00e4ten)&nbsp; zur\u00fcckgreifen, dient ihnen die Pfadliste in der <strong>rechten Spalte<\/strong> als wertvoller Wegweiser. Nutzen Sie ihn \u2013 mit einem Klick sind Sie informiert!<\/p>\n\n\n\n<p>Mit der Funktion <em>&#8222;Suchen &#8230;&#8220;<\/em> finden Sie mit dem richtigen Stichwort auf einen Klick die gew\u00fcnschte Information.<br>Fragen oder Anregungen Ihrerseits nehmen wir gerne entgegen und befassen uns umgehend damit. Sie k\u00f6nnen Ihre Anliegen via Kontakt-Formular an uns schicken.<\/p>\n\n\n\n<p><strong>Liechtensteinischer Ornithologischer Landesverband (LOV)<\/strong><\/p>\n\n\n\n<p>Binzastrass 40<br>9493 Mauren<\/p>\n\n\n\n<p><strong>Header-Bilder:&nbsp;<\/strong>Georg J\u00e4ger, Vaduz<\/p>\n","protected":false},"excerpt":{"rendered":"<p>Liebe Besucher,wir freuen uns, dass Sie den Weg zu uns gefunden haben. Es ist unser Ziel, unser Internet-Fenster allgemein verst\u00e4ndlich und aktuell zu gestalten. Auf der Startseite erscheinen auf der linken Seite regelm\u00e4ssig die neuesten Verbandsinformationen sowie Beitr\u00e4ge aus&nbsp; den&nbsp; Sparten&nbsp; Natur- und Vogelschutz sowie Kleintiere. Wollen Sie sich weiter vertiefen oder auf fr\u00fchere Beitr\u00e4ge &hellip; <\/p>\n<p class=\"link-more\"><a href=\"https:\/\/www.lov.li\/?page_id=182\" class=\"more-link\"><span class=\"screen-reader-text\">\u201eImpressum\u201c <\/span>weiterlesen<\/a><\/p>\n","protected":false},"author":1,"featured_media":0,"parent":0,"menu_order":0,"comment_status":"closed","ping_status":"open","template":"","meta":{"_uag_custom_page_level_css":"","footnotes":""},"class_list":["post-182","page","type-page","status-publish","hentry"],"uagb_featured_image_src":{"full":false,"thumbnail":false,"medium":false,"medium_large":false,"large":false,"1536x1536":false,"2048x2048":false,"twentyseventeen-featured-image":false,"twentyseventeen-thumbnail-avatar":false},"uagb_author_info":{"display_name":"admin","author_link":"https:\/\/www.lov.li\/?author=1"},"uagb_comment_info":0,"uagb_excerpt":"Liebe Besucher,wir freuen uns, dass Sie den Weg zu uns gefunden haben. Es ist unser Ziel, unser Internet-Fenster allgemein verst\u00e4ndlich und aktuell zu gestalten. Auf der Startseite erscheinen auf der linken Seite regelm\u00e4ssig die neuesten Verbandsinformationen sowie Beitr\u00e4ge aus&nbsp; den&nbsp; Sparten&nbsp; Natur- und Vogelschutz sowie Kleintiere. Wollen Sie sich weiter vertiefen oder auf fr\u00fchere Beitr\u00e4ge&hellip;","_links":{"self":[{"href":"https:\/\/www.lov.li\/index.php?rest_route=\/wp\/v2\/pages\/182","targetHints":{"allow":["GET"]}}],"collection":[{"href":"https:\/\/www.lov.li\/index.php?rest_route=\/wp\/v2\/pages"}],"about":[{"href":"https:\/\/www.lov.li\/index.php?rest_route=\/wp\/v2\/types\/page"}],"author":[{"embeddable":true,"href":"https:\/\/www.lov.li\/index.php?rest_route=\/wp\/v2\/users\/1"}],"replies":[{"embeddable":true,"href":"https:\/\/www.lov.li\/index.php?rest_route=%2Fwp%2Fv2%2Fcomments&post=182"}],"version-history":[{"count":13,"href":"https:\/\/www.lov.li\/index.php?rest_route=\/wp\/v2\/pages\/182\/revisions"}],"predecessor-version":[{"id":6411,"href":"https:\/\/www.lov.li\/index.php?rest_route=\/wp\/v2\/pages\/182\/revisions\/6411"}],"wp:attachment":[{"href":"https:\/\/www.lov.li\/index.php?rest_route=%2Fwp%2Fv2%2Fmedia&parent=182"}],"curies":[{"name":"wp","href":"https:\/\/api.w.org\/{rel}","templated":true}]}}