{"id":136,"date":"2012-07-25T01:05:00","date_gmt":"2012-07-24T23:05:00","guid":{"rendered":"http:\/\/www.lov-kleintiere.li\/?page_id=136"},"modified":"2026-01-14T19:40:41","modified_gmt":"2026-01-14T18:40:41","slug":"wissenswertes-und-links","status":"publish","type":"page","link":"https:\/\/www.lov.li\/?page_id=136","title":{"rendered":"Wissenswertes"},"content":{"rendered":"\n<h2 class=\"wp-block-heading\">Soll man V\u00f6gel im Winter f\u00fcttern?\u00a0<\/h2>\n\n\n\n<p><strong>Empfehlungen vom Liechtensteinischen Ornithologischen Landesverband LOV<\/strong> <br>Manch einer bekommt im Winter Erbarmen mit den V\u00f6geln, die Schnee und eisige Temperaturen aushalten m\u00fcssen. Dabei sind die bei uns \u00fcberwinternden V\u00f6gel von Natur aus an das raue Klima angepasst. <br>In Tausenden von Jahren haben sie dabei besondere Techniken entwickelt, um den winterlichen Bedingungen trotzen zu k\u00f6nnen. So legen die einen wie Tannenh\u00e4her oder Sperlingskauz Vorr\u00e4te an, auf die sie bei Nahrungsengp\u00e4ssen zur\u00fcckgreifen k\u00f6nnen, andere Arten wie das Schneehuhn graben Schneeh\u00f6hlen, um Energie zu sparen, wieder andere wie unsere Meisen gleichen die winterlichen Verluste durch grosse Gelege und 2-3 Bruten pro Jahr aus. Eine Winterf\u00fctterung ist deshalb aus der Sicht eines zeitgem\u00e4ssen Vogel- und Naturschutzes nicht notwendig. Zudem l\u00e4sst sich beobachten, dass mit der herk\u00f6mmlichen Winterf\u00fctterung nur h\u00e4ufige und verbreitete Arten gef\u00f6rdert werden, die im Fr\u00fchjahr zu Brutplatzkonkurrenten f\u00fcr seltene und gef\u00e4hrdete Zugvogelarten werden k\u00f6nnen. Es gibt jedoch auch positive Seiten der Winterf\u00fctterung. So bereiten Beobachtungen an Futterstellen Jung und Alt viel Freude, es wird die Beziehung zu verschiedenen Vogelarten gef\u00f6rdert und bedeutet oft die ersten Kontakte zur Natur, besonders bei Kindern. Bei alten und kranken Menschen garantiert die Vogelf\u00fctterung gar einen medizinisch nachgewiesenen h\u00f6heren Heilungserfolg.<\/p>\n\n\n\n<h2 class=\"wp-block-heading\">Wer V\u00f6gel f\u00fcttert, muss unbedingt einige Punkte beachen<\/h2>\n\n\n\n<ul class=\"wp-block-list\">\n<li>F\u00fctterung nur bei anhaltend kalter und schneereicher Witterung (bei Nachttemperaturen unter \u20135\u00b0C, bei geschlossener Schneedecke, bei starker Vereisung), jeweils morgens und abends.<\/li>\n\n\n\n<li>Keine salzhaltige Nahrung wie Wurst-, Schinken-, Speck- oder K\u00e4seresten, kein reines Fett wie Margarine oder Butter, keine Brot- und Kuchenkr\u00fcmel, denn das gibt Durst und f\u00fchrt zu Verdauungsproblemen.<\/li>\n\n\n\n<li>Futterstellen mit Silobevorratung und gesch\u00fctzt vor Regen und N\u00e4sse, damit der Futterplatz sauber und trocken bleibt. Ansonsten kann es zu Krankheiten kommen (z.B. Salmonellen, die mit Kot abgesetzt und mit der Nahrung wieder aufgenommen werden k\u00f6nnen), die oft mehr Verluste zur Folge haben, als wenn nicht gef\u00fcttert worden w\u00e4re.<\/li>\n\n\n\n<li>Futterstelle vor Singvogelfeinden bzw. Fresskonkurrenten wie Katzen sch\u00fctzen, z.B. durch Aufh\u00e4ngen der Futterstelle in der N\u00e4he von B\u00e4umen und Geb\u00fcschen als Zufluchtsort bei drohender Gefahr.<\/li>\n\n\n\n<li>Und etwas vom Wichtigsten, die Verwendung von richtigem Vogelfutter: K\u00f6rnerfresser (V\u00f6gel mit dickem, kr\u00e4ftigem Schnabel: Finken, Sperlinge) bevorzugen Sonnenblumenkerne und Hanf sowie die handels\u00fcblichen Freiland-Futtermischungen. Weich- und Insektenfresser (V\u00f6gel mit spitzem, schlankem Schnabel) halten sich mehr an tierische Kost und feine S\u00e4mereien (Mischfutter mit Fett, Sonnenblumenkernen und Haferflocken ist im Fachhandel erh\u00e4ltlich). Besonders empfehlenswert sind die Futterkl\u00f6tze, die von den Ornithologischen Vereinen in Liechtenstein hergestellt werden. Diese wie auch die entsprechenden Futterk\u00e4sten k\u00f6nnen bei den Vereinen bezogen werden:<\/li>\n<\/ul>\n\n\n\n<p>&nbsp;<\/p>\n\n\n\n<p>&nbsp;<\/p>\n\n\n<div class=\"wp-block-image size-medium wp-image-139\">\n<figure class=\"aligncenter\"><img loading=\"lazy\" decoding=\"async\" width=\"300\" height=\"199\" src=\"http:\/\/www.lov.li\/wp-content\/uploads\/2012\/07\/futka-300x199.png\" alt=\"\" class=\"wp-image-139\" srcset=\"https:\/\/www.lov.li\/wp-content\/uploads\/2012\/07\/futka-300x199.png 300w, https:\/\/www.lov.li\/wp-content\/uploads\/2012\/07\/futka.png 800w\" sizes=\"auto, (max-width: 300px) 100vw, 300px\" \/><figcaption class=\"wp-element-caption\">Futterkasten mit passendem Futterklotz, wie sie von den ornithologischen Vereinen verkauft werden.<\/figcaption><\/figure>\n<\/div>\n\n\n<p>&nbsp;<\/p>\n\n\n\n<h2 class=\"wp-block-heading\">Jungv\u00f6gel &#8211; was tun?\u00a0<\/h2>\n\n\n\n<p class=\"has-text-align-left\">Ein Jungvogel hat die besten \u00dcberlebenschancen, wenn er von den Altv\u00f6geln gef\u00fcttert und betreut wird. Eine goldene Regel lautet deshalb:<\/p>\n\n\n\n<p class=\"has-text-align-left\"><strong>Lassen Sie Jungv\u00f6gel dort, wo sie sind!<\/strong><\/p>\n\n\n\n<p>In den seltensten F\u00e4llen sind sie wirklich verlassen.<\/p>\n\n\n\n<p class=\"has-text-align-left\">&nbsp;Unter diesem <a href=\"https:\/\/www.birdlife.ch\/de\/content\/verletzte-und-junge-voegel\" target=\"_blank\" rel=\"noreferrer noopener\"><strong>Link <\/strong><\/a>finden Sie ein Merkblatt mit weiteren Tipps des Schweizer Vogelschutzes.<\/p>\n\n\n\n<h2 class=\"wp-block-heading\">Verletzte V\u00f6gel&nbsp; \u2013 was tun?&nbsp;<\/h2>\n\n\n\n<p>Haben Sie einen verletzten oder flugunf\u00e4higen Vogel gefunden?<\/p>\n\n\n\n<p>Die Pflege solcher Tiere ist sehr schwierig und geh\u00f6rt deshalb in erfahrene H\u00e4nde.<\/p>\n\n\n\n<p>Hier finden Sie eine aktuelle Liste von Vogelpflegestationen in der Schweiz:<\/p>\n\n\n\n<p><a href=\"http:\/\/www.birdlife.ch\/sites\/default\/files\/documents\/pflegestationen.pdf\">Pflegestationen (PDF)<\/a><\/p>\n\n\n\n<h2 class=\"wp-block-heading\">Katzen und V\u00f6gel<\/h2>\n\n\n\n<p><strong>&nbsp;<\/strong>Auch wenn sie schon seit rund 1000 Jahren domestiziert ist, so hat die Hauskatze bis heute ihren Jagdtrieb nicht verloren. Eine hohe Katzendichte im Siedlungsraum kann lokal den Bestand an Singv\u00f6geln und insbesondere an Amphibien und Reptilien stak dezimieren.<\/p>\n\n\n\n<p>Unter folgendem Link finden Sie ein Merkblatt zur Katzenproblematik:<\/p>\n\n\n\n<p><a href=\"http:\/\/www.birdlife.ch\/sites\/default\/files\/documents\/MB_Katzen.pdf\">Katzen und V\u00f6gel (PDF)<\/a><\/p>\n\n\n\n<h2 class=\"wp-block-heading\">Vogelkiller Glas&nbsp;<\/h2>\n\n\n\n<p>Der Tod an Glasscheiben ist&nbsp; in der zivilisierten Welt eines der gr\u00f6ssten Vogelschutzprobleme \u00fcberhaupt. Hundertausende von V\u00f6geln kommen allein in der Schweiz jedes Jahr um, weil sie mit Glas kollidieren. Wie mit Glas vogelfreundlich gebaut werden kann, zeigt Ihnen:<\/p>\n\n\n\n<p><a href=\"http:\/\/www.birdlife.ch\/sites\/default\/files\/documents\/vogelkiller_glas.pdf\">Vogelkiller Glas (PDF)<\/a><\/p>\n\n\n\n<h2 class=\"wp-block-heading\">Vogelfreundlicher Garten<\/h2>\n\n\n\n<p>Den H\u00f6hlenbr\u00fctern unter den einheimischen Brutvogelarten kann in ihrer Wohnungsnot mit k\u00fcnstlichen Nisthilfen geholfen werden. Diese kann man ganz leicht auch selberherstellen. Die Anleitung dazu finden sie unter:<\/p>\n\n\n\n<p><a href=\"http:\/\/www.birdlife.ch\/sites\/default\/files\/documents\/MB_Vogelfreundlicher_Garten.pdf\">Vogelfreundlicher Garten (PDF)<\/a><\/p>\n\n\n\n<h2 class=\"wp-block-heading\">Nisthilfen f\u00fcr V\u00f6gel<\/h2>\n\n\n\n<p>Den H\u00f6hlenbr\u00fctern unter den einheimischen Brutvogelarten kann in ihrer Wohnungsnot mit k\u00fcnstlichen Nisthilfen geholfen werden. Diese kann man ganz leicht auch selberherstellen. Die Anleitung dazu finden sie unter:<\/p>\n\n\n\n<p><a href=\"http:\/\/www.birdlife.ch\/sites\/default\/files\/documents\/MB_Halbhoehlenbrueter.pdf\">H\u00f6hlenbr\u00fcter (PDF)<\/a><\/p>\n\n\n\n<p>&nbsp;<\/p>\n","protected":false},"excerpt":{"rendered":"<p>Soll man V\u00f6gel im Winter f\u00fcttern?\u00a0 Empfehlungen vom Liechtensteinischen Ornithologischen Landesverband LOV Manch einer bekommt im Winter Erbarmen mit den V\u00f6geln, die Schnee und eisige Temperaturen aushalten m\u00fcssen. Dabei sind die bei uns \u00fcberwinternden V\u00f6gel von Natur aus an das raue Klima angepasst. In Tausenden von Jahren haben sie dabei besondere Techniken entwickelt, um den &hellip; <\/p>\n<p class=\"link-more\"><a href=\"https:\/\/www.lov.li\/?page_id=136\" class=\"more-link\"><span class=\"screen-reader-text\">\u201eWissenswertes\u201c <\/span>weiterlesen<\/a><\/p>\n","protected":false},"author":1,"featured_media":0,"parent":0,"menu_order":2,"comment_status":"closed","ping_status":"open","template":"","meta":{"_uag_custom_page_level_css":"","footnotes":""},"class_list":["post-136","page","type-page","status-publish","hentry"],"uagb_featured_image_src":{"full":false,"thumbnail":false,"medium":false,"medium_large":false,"large":false,"1536x1536":false,"2048x2048":false,"twentyseventeen-featured-image":false,"twentyseventeen-thumbnail-avatar":false},"uagb_author_info":{"display_name":"admin","author_link":"https:\/\/www.lov.li\/?author=1"},"uagb_comment_info":0,"uagb_excerpt":"Soll man V\u00f6gel im Winter f\u00fcttern?\u00a0 Empfehlungen vom Liechtensteinischen Ornithologischen Landesverband LOV Manch einer bekommt im Winter Erbarmen mit den V\u00f6geln, die Schnee und eisige Temperaturen aushalten m\u00fcssen. Dabei sind die bei uns \u00fcberwinternden V\u00f6gel von Natur aus an das raue Klima angepasst. In Tausenden von Jahren haben sie dabei besondere Techniken entwickelt, um den&hellip;","_links":{"self":[{"href":"https:\/\/www.lov.li\/index.php?rest_route=\/wp\/v2\/pages\/136","targetHints":{"allow":["GET"]}}],"collection":[{"href":"https:\/\/www.lov.li\/index.php?rest_route=\/wp\/v2\/pages"}],"about":[{"href":"https:\/\/www.lov.li\/index.php?rest_route=\/wp\/v2\/types\/page"}],"author":[{"embeddable":true,"href":"https:\/\/www.lov.li\/index.php?rest_route=\/wp\/v2\/users\/1"}],"replies":[{"embeddable":true,"href":"https:\/\/www.lov.li\/index.php?rest_route=%2Fwp%2Fv2%2Fcomments&post=136"}],"version-history":[{"count":35,"href":"https:\/\/www.lov.li\/index.php?rest_route=\/wp\/v2\/pages\/136\/revisions"}],"predecessor-version":[{"id":6519,"href":"https:\/\/www.lov.li\/index.php?rest_route=\/wp\/v2\/pages\/136\/revisions\/6519"}],"wp:attachment":[{"href":"https:\/\/www.lov.li\/index.php?rest_route=%2Fwp%2Fv2%2Fmedia&parent=136"}],"curies":[{"name":"wp","href":"https:\/\/api.w.org\/{rel}","templated":true}]}}