{"id":118,"date":"2012-07-25T00:31:28","date_gmt":"2012-07-24T22:31:28","guid":{"rendered":"http:\/\/www.lov-kleintiere.li\/?page_id=118"},"modified":"2026-01-12T18:04:14","modified_gmt":"2026-01-12T17:04:14","slug":"aktivitaten-2","status":"publish","type":"page","link":"https:\/\/www.lov.li\/?page_id=118","title":{"rendered":"Realisierte Projekte"},"content":{"rendered":"\n<p><strong>Eisvogelwand am Liechtensteiner Binnenkanal<\/strong><\/p>\n\n\n\n<p>Im Rahmen der Revitalisierung des Liechtensteiner Binnenkanals in demjenigen Abschnitt, wo die Dampfleitung parallel zum Kanal gef\u00fchrt wird, wurde auch ein zus\u00e4tzlicher Weiher erstellt, an dem eine Eisvogelwand eingebaut wurde. Diese Wand von der Gr\u00f6sse von 3,0 m (L\u00e4nge) x 2,0 m (H\u00f6he) mit Exposition Richtung Osten wurde mit zwei Teilelementen am<br>29. September 2009 an Ort und Stelle gebracht und mit Hilfe eines Raupen-Baggers eingebaut (vgl. Fotodokumentation). Auf der H\u00f6he der Einflugl\u00f6cher wurde bindiges Material eingebaut, um dem Eisvogel einen R\u00f6hrenbau zu erm\u00f6glichen. Es ist vorgesehen, im Fr\u00fchjahr noch eine Bepflanzung oberhalb der Eisvogelwand vorzunehmen, die im Rahmen der Neubepflanzung der Kanalb\u00f6schung (vor allem linke Uferseite) erfolgt.<\/p>\n\n\n\n<p>Die Finanzierung der Eisvogelwand wurde von der Elisabeth Hilti Stiftung, Schaan, \u00fcbernommen. Daf\u00fcr wird der Stiftung ganz herzlich gedankt. Es ist zu hoffen, dass sich auch der Eisvogel \u201edankbar\u201c zeigt und eine Nisth\u00f6hle in der Wand bezieht!<\/p>\n\n\n\n<p>Den Abschlussbericht kann man <a href=\"http:\/\/www.ovlu.li\/ornitholog\/cms\/uploads\/baubeschrieb_eisvogelwand_schaan_09.pdf\" target=\"_blank\" rel=\"noopener\">hier<\/a> runterladen.<\/p>\n\n\n\n<p>&nbsp;<\/p>\n\n\n\n<p><strong>Schwalbenschutz<\/strong><\/p>\n\n\n\n<p>Die zwei bei uns am h\u00e4ufigsten vorkommenden Schwalbenarten sind die Mehl- und die Rauchschwalbe. W\u00e4hrend die Mehlschwalbe ihr Nest aussen an Geb\u00e4uden unter Dachvorspr\u00fcngen an die Hauswand klebt, br\u00fctet die Rauchschwalbe im Innern von Scheunen und St\u00e4llen, wo sie auch bei schlechtem Wetter auf Insektenjagd gehen kann. Beide Arten haben in unserer \u201ezubetonierten\u201c Landschaft grosse Schwierigkeiten, ihr lehmiges Nistmaterial zu sammeln. Zum Gl\u00fcck nehmen sie gerne k\u00fcnstliche Nisthilfen an. Der LOV gibt solche Schwalbennester gratis an die Bev\u00f6lkerung ab und gibt Tipps f\u00fcr die richtige Montage.<\/p>\n\n\n\n<figure class=\"wp-block-image\"><img loading=\"lazy\" decoding=\"async\" width=\"300\" height=\"194\" src=\"http:\/\/www.lov.li\/wp-content\/uploads\/2012\/07\/akt1-300x194.png\" alt=\"\" class=\"wp-image-119\" title=\"akt1\" srcset=\"https:\/\/www.lov.li\/wp-content\/uploads\/2012\/07\/akt1-300x194.png 300w, https:\/\/www.lov.li\/wp-content\/uploads\/2012\/07\/akt1.png 567w\" sizes=\"auto, (max-width: 300px) 100vw, 300px\" \/><\/figure>\n\n\n\n<p><\/p>\n\n\n\n<p>&nbsp;<\/p>\n\n\n\n<p><strong>Mauersegler<\/strong><\/p>\n\n\n\n<p>Kein Vogel ist mehr auf das Leben in der Luft ausgerichtet als der Mauersegler, bei uns auch \u201eSpyre\u201c genannt. Er \u00e4hnelt der Schwalbe, fliegt aber viel reissender mit 5 bis 11 Fl\u00fcgelschl\u00e4gen pro Sekunde. Die Brutzeit ausgenommen, spielt sich das Leben der Segler ausschliesslich im Luftraum ab: Fliegend jagen sie ihre Insektenbeute, fliegend wird getrunken und gebadet, fliegend paaren sie sich und sogar geschlafen wird fliegend. Genistet wird in dunklen Hohlr\u00e4umen unter D\u00e4chern und in Mauerl\u00f6chern. Durch Renovation und Abbruch von Altbauten werden oft Brutpl\u00e4tze der Segler zerst\u00f6rt. Der LOV bem\u00fcht sich, bestehende Seglerkolonien zu sch\u00fctzen. Das beste Beispiel ist die alte Sp\u00f6rryfabrik in Vaduz, wo es auf Initiative des LOV gelang, die grosse Mauerseglerkolonie \u00fcber die Renovation zu retten. In Zusammenarbeit mit dem Architekturb\u00fcro wurden in den neuen D\u00e4chern Nischen und Hohlr\u00e4ume als Brutm\u00f6glichkeit f\u00fcr die V\u00f6gel geschaffen, die erfolgreich angenommen wurden.<\/p>\n\n\n<div class=\"wp-block-image size-medium wp-image-120\">\n<figure class=\"aligncenter\"><img loading=\"lazy\" decoding=\"async\" width=\"300\" height=\"291\" src=\"http:\/\/www.lov.li\/wp-content\/uploads\/2012\/07\/mauersegler-300x291.png\" alt=\"\" class=\"wp-image-120\" srcset=\"https:\/\/www.lov.li\/wp-content\/uploads\/2012\/07\/mauersegler-300x291.png 300w, https:\/\/www.lov.li\/wp-content\/uploads\/2012\/07\/mauersegler.png 367w\" sizes=\"auto, (max-width: 300px) 100vw, 300px\" \/><figcaption class=\"wp-element-caption\">Mauersegler, Beherrscher des Luftraums<\/figcaption><\/figure>\n<\/div>\n\n\n<p>&nbsp;<\/p>\n\n\n\n<p><strong>Schleiereule<\/strong><\/p>\n\n\n\n<p>Schleiereulen br\u00fcten in ungest\u00f6rten Kircht\u00fcrmen, Scheunen, Dachst\u00fchlen und \u00e4hnlichen Schlupfwinkeln, die freien An- und Abflug gew\u00e4hren. Ihre Jagdgr\u00fcnde liegen in der offenen Landschaft, wo sie haupts\u00e4chlich Feldm\u00e4use erbeuten. Viele traditionelle Schleiereulenbrutpl\u00e4tze in Kircht\u00fcrmen und Scheunen wurden in den letzten Jahrzehnten durch Renovierungsarbeiten zerst\u00f6rt oder durch Vergitterung der Einflug\u00f6ffnungen f\u00fcr Eulen unzug\u00e4nglich gemacht. Deshalb werden Nistk\u00e4sten von den V\u00f6geln gerne angenommen. Der LOV bem\u00fcht sich seit einigen Jahren um diese attraktive Vogelart. Nachdem in den 90er Jahren in Liechtenstein keine Bruterfolge mehr nachgewiesen werden konnten, gelang es in den letzten Jahren mit Nisthilfen wieder einige Bruten erfolgreich aufzuziehen.<\/p>\n\n\n<div class=\"wp-block-image size-medium wp-image-121\">\n<figure class=\"aligncenter\"><img loading=\"lazy\" decoding=\"async\" width=\"300\" height=\"199\" src=\"http:\/\/www.lov.li\/wp-content\/uploads\/2012\/07\/schleier1-300x199.png\" alt=\"\" class=\"wp-image-121\" srcset=\"https:\/\/www.lov.li\/wp-content\/uploads\/2012\/07\/schleier1-300x199.png 300w, https:\/\/www.lov.li\/wp-content\/uploads\/2012\/07\/schleier1.png 533w\" sizes=\"auto, (max-width: 300px) 100vw, 300px\" \/><figcaption class=\"wp-element-caption\">Nistkasten f\u00fcr Schleiereulen<\/figcaption><\/figure>\n<\/div>\n\n<div class=\"wp-block-image size-medium wp-image-122\">\n<figure class=\"aligncenter\"><img loading=\"lazy\" decoding=\"async\" width=\"300\" height=\"200\" src=\"http:\/\/www.lov.li\/wp-content\/uploads\/2012\/07\/schleier2-300x200.png\" alt=\"\" class=\"wp-image-122\" srcset=\"https:\/\/www.lov.li\/wp-content\/uploads\/2012\/07\/schleier2-300x200.png 300w, https:\/\/www.lov.li\/wp-content\/uploads\/2012\/07\/schleier2.png 481w\" sizes=\"auto, (max-width: 300px) 100vw, 300px\" \/><figcaption class=\"wp-element-caption\">Junge Schleiereulen in einem Nistkasten vom LOV<\/figcaption><\/figure>\n<\/div>\n\n\n<p>&nbsp;<\/p>\n\n\n\n<p><strong>Turmfalke<\/strong><\/p>\n\n\n\n<p>Den Lebensraum mit den Schleiereulen teilt sich der Turmfalke. Auch er jagt bevorzugt M\u00e4use in der offenen Feldflur. R\u00fcttelnd kann er in der Luft \u201estehen\u201c bleiben und nach Beute Ausschau halten. Mit Nisthilfen an Scheunend\u00e4chern konnte der LOV in den letzten Jahren wieder mehrere Bruterfolge erreichen. Der Unterhalt dieser Nisthilfen ist sehr aufwendig, m\u00fcssen doch die Falkenk\u00e4sten m\u00f6glichst hoch angebracht werden.<\/p>\n\n\n<div class=\"wp-block-image size-medium wp-image-123\">\n<figure class=\"aligncenter\"><img loading=\"lazy\" decoding=\"async\" width=\"300\" height=\"225\" src=\"http:\/\/www.lov.li\/wp-content\/uploads\/2012\/07\/turm1-300x225.png\" alt=\"\" class=\"wp-image-123\" srcset=\"https:\/\/www.lov.li\/wp-content\/uploads\/2012\/07\/turm1-300x225.png 300w, https:\/\/www.lov.li\/wp-content\/uploads\/2012\/07\/turm1.png 473w\" sizes=\"auto, (max-width: 300px) 100vw, 300px\" \/><figcaption class=\"wp-element-caption\">Turmfalkenk\u00e4sten m\u00fcssen hoch h\u00e4ngen<\/figcaption><\/figure>\n<\/div>\n\n<div class=\"wp-block-image size-medium wp-image-124\">\n<figure class=\"aligncenter\"><img loading=\"lazy\" decoding=\"async\" width=\"300\" height=\"274\" src=\"http:\/\/www.lov.li\/wp-content\/uploads\/2012\/07\/turm2-300x274.png\" alt=\"\" class=\"wp-image-124\" srcset=\"https:\/\/www.lov.li\/wp-content\/uploads\/2012\/07\/turm2-300x274.png 300w, https:\/\/www.lov.li\/wp-content\/uploads\/2012\/07\/turm2.png 387w\" sizes=\"auto, (max-width: 300px) 100vw, 300px\" \/><figcaption class=\"wp-element-caption\">Turmfalke<\/figcaption><\/figure>\n<\/div>\n\n\n<p>&nbsp;<\/p>\n\n\n\n<p><strong>Wiedehopf<\/strong><\/p>\n\n\n\n<p>Der Wiedehopf ist eine der Priorit\u00e4tsarten im Programm Artenf\u00f6rderung Schweiz des Schweizer Vogelschutzes. Grosse Erfolge weist dieses Artenschutzprogramm im Kanton Wallis auf. Nachdem F\u00f6rdermassnahmen f\u00fcr den Wiedehopf auch im B\u00fcndnerland immer mehr Fr\u00fcchte tragen und diese Vogelart schon an unseren Grenzen zum Beispiel in der B\u00fcndner Herrschaft br\u00fctet, soll in den n\u00e4chsten Jahren versucht werden, dieses Projekt rheintalabw\u00e4rts auszudehnen. Erste Versuche mit k\u00fcnstlichen Nisthilfen wurden in Balzers gemacht. Es wird unsere Aufgabe sein, geeignete Lebensr\u00e4ume f\u00fcr diese wundersch\u00f6ne Vogelart zu finden.<\/p>\n\n\n<div class=\"wp-block-image size-full wp-image-125\">\n<figure class=\"aligncenter\"><img loading=\"lazy\" decoding=\"async\" width=\"170\" height=\"113\" src=\"http:\/\/www.lov.li\/wp-content\/uploads\/2012\/07\/wied.png\" alt=\"\" class=\"wp-image-125\"\/><figcaption class=\"wp-element-caption\">Wiedehopf<\/figcaption><\/figure>\n<\/div>\n\n\n<p>&nbsp;<\/p>\n\n\n\n<p><strong>Projekt Buntbrachen<\/strong><\/p>\n\n\n\n<p>Alle Bem\u00fchungen im Vogelschutz durch Anbieten von k\u00fcnstlichen Nisthilfen n\u00fctzen nichts, wenn f\u00fcr die entsprechende Vogelart der Lebensraum nicht vorhanden ist. Der LOV m\u00f6chte deshalb vermehrt auch Verbesserungen in der Kulturlandschaft erreichen. Die Anlage von Buntbrachen und extensiv genutzten Wiesen als \u00f6kologische Ausgleichsfl\u00e4chen erh\u00f6ht bekanntermassen die Dichte von Kleins\u00e4ugern und Grossinsekten. Im Rahmen der Artenf\u00f6rderung f\u00fcr Turmfalke und Schleiereule sollen nun Landwirte und private Bodenbesitzer vermehrt dazu bewogen werden, solche Ausgleichsfl\u00e4chen anzulegen. Buntbrachen sind wichtige Lebensr\u00e4ume f\u00fcr diverse Tier- und Pflanzenarten und bieten einen grossen Beitrag zum Erhalt unserer Biodiversit\u00e4t. Es zeigt sich aber, dass es bei unseren begrenzten Bodenfl\u00e4chen trotz Oekobeitr\u00e4gen schwierig ist, Landwirte f\u00fcr solche Naturprojekte zu gewinnen.<\/p>\n\n\n\n<figure class=\"wp-block-image\"><img loading=\"lazy\" decoding=\"async\" width=\"300\" height=\"199\" src=\"http:\/\/www.lov.li\/wp-content\/uploads\/2012\/07\/bunt-300x199.png\" alt=\"\" class=\"wp-image-126\" title=\"bunt\" srcset=\"https:\/\/www.lov.li\/wp-content\/uploads\/2012\/07\/bunt-300x199.png 300w, https:\/\/www.lov.li\/wp-content\/uploads\/2012\/07\/bunt.png 800w\" sizes=\"auto, (max-width: 300px) 100vw, 300px\" \/><\/figure>\n\n\n\n<p><\/p>\n\n\n\n<p>&nbsp;<\/p>\n","protected":false},"excerpt":{"rendered":"<p>Eisvogelwand am Liechtensteiner Binnenkanal Im Rahmen der Revitalisierung des Liechtensteiner Binnenkanals in demjenigen Abschnitt, wo die Dampfleitung parallel zum Kanal gef\u00fchrt wird, wurde auch ein zus\u00e4tzlicher Weiher erstellt, an dem eine Eisvogelwand eingebaut wurde. Diese Wand von der Gr\u00f6sse von 3,0 m (L\u00e4nge) x 2,0 m (H\u00f6he) mit Exposition Richtung Osten wurde mit zwei Teilelementen &hellip; <\/p>\n<p class=\"link-more\"><a href=\"https:\/\/www.lov.li\/?page_id=118\" class=\"more-link\"><span class=\"screen-reader-text\">\u201eRealisierte Projekte\u201c <\/span>weiterlesen<\/a><\/p>\n","protected":false},"author":1,"featured_media":0,"parent":0,"menu_order":0,"comment_status":"closed","ping_status":"open","template":"","meta":{"_uag_custom_page_level_css":"","footnotes":""},"class_list":["post-118","page","type-page","status-publish","hentry"],"uagb_featured_image_src":{"full":false,"thumbnail":false,"medium":false,"medium_large":false,"large":false,"1536x1536":false,"2048x2048":false,"twentyseventeen-featured-image":false,"twentyseventeen-thumbnail-avatar":false},"uagb_author_info":{"display_name":"admin","author_link":"https:\/\/www.lov.li\/?author=1"},"uagb_comment_info":0,"uagb_excerpt":"Eisvogelwand am Liechtensteiner Binnenkanal Im Rahmen der Revitalisierung des Liechtensteiner Binnenkanals in demjenigen Abschnitt, wo die Dampfleitung parallel zum Kanal gef\u00fchrt wird, wurde auch ein zus\u00e4tzlicher Weiher erstellt, an dem eine Eisvogelwand eingebaut wurde. Diese Wand von der Gr\u00f6sse von 3,0 m (L\u00e4nge) x 2,0 m (H\u00f6he) mit Exposition Richtung Osten wurde mit zwei Teilelementen&hellip;","_links":{"self":[{"href":"https:\/\/www.lov.li\/index.php?rest_route=\/wp\/v2\/pages\/118","targetHints":{"allow":["GET"]}}],"collection":[{"href":"https:\/\/www.lov.li\/index.php?rest_route=\/wp\/v2\/pages"}],"about":[{"href":"https:\/\/www.lov.li\/index.php?rest_route=\/wp\/v2\/types\/page"}],"author":[{"embeddable":true,"href":"https:\/\/www.lov.li\/index.php?rest_route=\/wp\/v2\/users\/1"}],"replies":[{"embeddable":true,"href":"https:\/\/www.lov.li\/index.php?rest_route=%2Fwp%2Fv2%2Fcomments&post=118"}],"version-history":[{"count":14,"href":"https:\/\/www.lov.li\/index.php?rest_route=\/wp\/v2\/pages\/118\/revisions"}],"predecessor-version":[{"id":6473,"href":"https:\/\/www.lov.li\/index.php?rest_route=\/wp\/v2\/pages\/118\/revisions\/6473"}],"wp:attachment":[{"href":"https:\/\/www.lov.li\/index.php?rest_route=%2Fwp%2Fv2%2Fmedia&parent=118"}],"curies":[{"name":"wp","href":"https:\/\/api.w.org\/{rel}","templated":true}]}}